{"id":110,"date":"2026-01-15T15:45:13","date_gmt":"2026-01-15T18:45:13","guid":{"rendered":"http:\/\/sindguardasbh.org.br\/?page_id=110"},"modified":"2026-02-25T22:26:24","modified_gmt":"2026-02-26T01:26:24","slug":"contato-2","status":"publish","type":"page","link":"http:\/\/sindguardasbh.org.br\/index.php\/contato-2\/","title":{"rendered":"CONTATO"},"content":{"rendered":"\n<p>Formul\u00e1rio de Contato \u2013 Sindguardas BH Este canal foi criado para ouvir voc\u00ea, Guarda Civil Municipal de Belo Horizonte. Aqui, suas d\u00favidas, sugest\u00f5es, demandas e solicita\u00e7\u00f5es s\u00e3o recebidas com seriedade, sigilo e compromisso. <\/p>\n\n\n\n<p>O Sindguardas BH atua com presen\u00e7a na base, di\u00e1logo permanente e defesa firme dos direitos da categoria. Utilize o formul\u00e1rio para entrar em contato com a diretoria, relatar situa\u00e7\u00f5es, buscar orienta\u00e7\u00f5es ou se informar sobre filia\u00e7\u00e3o, benef\u00edcios e a\u00e7\u00f5es sindicais. Nenhuma decis\u00e3o \u00e9 tomada sem ouvir os guardas. Sua participa\u00e7\u00e3o fortalece o sindicato e constr\u00f3i uma Guarda Civil Municipal mais valorizada, unida e respeitada.<\/p>\n\n\n\n<details class=\"wp-block-details is-layout-flow wp-block-details-is-layout-flow\"><summary>Telefone WhatsApp +55 31 9490-0153<\/summary>\n<p>Sindguardas BH \u2014 Foco, For\u00e7a e Uni\u00e3o.<\/p>\n<\/details>\n\n\n<style id=\"wpforms-css-vars-124\">\n\t\t\t\t#wpforms-124 {\n\t\t\t\t--wpforms-container-padding: 0px;\n--wpforms-container-border-width: 1px;\n--wpforms-container-border-radius: 3px;\n--wpforms-background-color: rgba(0, 0, 0, 0);\n--wpforms-field-size-input-height: 43px;\n--wpforms-field-size-input-spacing: 15px;\n--wpforms-field-size-font-size: 16px;\n--wpforms-field-size-line-height: 19px;\n--wpforms-field-size-padding-h: 14px;\n--wpforms-field-size-checkbox-size: 16px;\n--wpforms-field-size-sublabel-spacing: 5px;\n--wpforms-field-size-icon-size: 1;\n--wpforms-label-size-font-size: 16px;\n--wpforms-label-size-line-height: 19px;\n--wpforms-label-size-sublabel-font-size: 14px;\n--wpforms-label-size-sublabel-line-height: 17px;\n--wpforms-button-size-font-size: 17px;\n--wpforms-button-size-height: 41px;\n--wpforms-button-size-padding-h: 15px;\n--wpforms-button-size-margin-top: 10px;\n--wpforms-container-shadow-size-box-shadow: none;\n\t\t\t}\n\t\t\t<\/style><div class=\"wpforms-container wpforms-container-full wpforms-render-modern\" id=\"wpforms-124\"><form id=\"wpforms-form-124\" class=\"wpforms-validate wpforms-form wpforms-ajax-form\" data-formid=\"124\" method=\"post\" enctype=\"multipart\/form-data\" action=\"\/index.php\/wp-json\/wp\/v2\/pages\/110\" data-token=\"3ac9b81604b592ed9c3436deaa2a227d\" data-token-time=\"1778169162\"><noscript class=\"wpforms-error-noscript\">Please enable JavaScript in your browser to complete this form.<\/noscript><div id=\"wpforms-error-noscript\" style=\"display: none;\">Please enable JavaScript in your browser to complete this form.<\/div><div class=\"wpforms-field-container\"><div id=\"wpforms-124-field_1-container\" class=\"wpforms-field wpforms-field-name\" data-field-id=\"1\"><label class=\"wpforms-field-label\" for=\"wpforms-124-field_1\">Nome <span class=\"wpforms-required-label\" aria-hidden=\"true\">*<\/span><\/label><input type=\"text\" id=\"wpforms-124-field_1\" class=\"wpforms-field-medium wpforms-field-required\" name=\"wpforms[fields][1]\" aria-errormessage=\"wpforms-124-field_1-error\" required><\/div><div id=\"wpforms-124-field_2-container\" class=\"wpforms-field wpforms-field-email\" data-field-id=\"2\"><label class=\"wpforms-field-label\" for=\"wpforms-124-field_2\">E-mail <span class=\"wpforms-required-label\" aria-hidden=\"true\">*<\/span><\/label><input type=\"email\" id=\"wpforms-124-field_2\" class=\"wpforms-field-medium wpforms-field-required\" name=\"wpforms[fields][2]\" spellcheck=\"false\" aria-errormessage=\"wpforms-124-field_2-error\" required><\/div><div id=\"wpforms-124-field_6-container\" class=\"wpforms-field wpforms-field-number\" data-field-id=\"6\"><label class=\"wpforms-field-label\" for=\"wpforms-124-field_6\">Telefone\/WhatsApp<\/label><input type=\"number\" id=\"wpforms-124-field_6\" class=\"wpforms-field-medium\" name=\"wpforms[fields][6]\" step=\"any\" aria-errormessage=\"wpforms-124-field_6-error\" ><\/div>\t\t<div id=\"wpforms-124-field_4-container\"\n\t\t\tclass=\"wpforms-field wpforms-field-text\"\n\t\t\tdata-field-type=\"text\"\n\t\t\tdata-field-id=\"4\"\n\t\t\t>\n\t\t\t<label class=\"wpforms-field-label\" for=\"wpforms-124-field_4\" >Coment\u00e1rio Nome E-mail<\/label>\n\t\t\t<input type=\"text\" id=\"wpforms-124-field_4\" class=\"wpforms-field-medium\" name=\"wpforms[fields][4]\" >\n\t\t<\/div>\n\t\t<div id=\"wpforms-124-field_7-container\" class=\"wpforms-field wpforms-field-text\" data-field-id=\"7\"><label class=\"wpforms-field-label\" for=\"wpforms-124-field_7\">Assunto <span class=\"wpforms-required-label\" aria-hidden=\"true\">*<\/span><\/label><input type=\"text\" id=\"wpforms-124-field_7\" class=\"wpforms-field-medium wpforms-field-required\" name=\"wpforms[fields][7]\" aria-errormessage=\"wpforms-124-field_7-error\" required><\/div><div id=\"wpforms-124-field_3-container\" class=\"wpforms-field wpforms-field-textarea\" data-field-id=\"3\"><label class=\"wpforms-field-label\" for=\"wpforms-124-field_3\">Coment\u00e1rio ou Mensagem <span class=\"wpforms-required-label\" aria-hidden=\"true\">*<\/span><\/label><textarea id=\"wpforms-124-field_3\" class=\"wpforms-field-medium wpforms-field-required\" name=\"wpforms[fields][3]\" aria-errormessage=\"wpforms-124-field_3-error\" required><\/textarea><\/div><script>\n\t\t\t\t( function() {\n\t\t\t\t\tconst style = document.createElement( 'style' );\n\t\t\t\t\tstyle.appendChild( document.createTextNode( '#wpforms-124-field_4-container { position: absolute !important; overflow: hidden !important; display: inline !important; height: 1px !important; width: 1px !important; z-index: -1000 !important; padding: 0 !important; } #wpforms-124-field_4-container input { visibility: hidden; } #wpforms-conversational-form-page #wpforms-124-field_4-container label { counter-increment: none; }' ) );\n\t\t\t\t\tdocument.head.appendChild( style );\n\t\t\t\t\tdocument.currentScript?.remove();\n\t\t\t\t} )();\n\t\t\t<\/script><\/div><!-- .wpforms-field-container --><div class=\"wpforms-submit-container\" ><input type=\"hidden\" name=\"wpforms[id]\" value=\"124\"><input type=\"hidden\" name=\"page_title\" value=\"\"><input type=\"hidden\" name=\"page_url\" value=\"http:\/\/sindguardasbh.org.br\/index.php\/wp-json\/wp\/v2\/pages\/110\"><input type=\"hidden\" name=\"url_referer\" value=\"\"><button type=\"submit\" name=\"wpforms[submit]\" id=\"wpforms-submit-124\" class=\"wpforms-submit\" data-alt-text=\"Enviando\u2026\" data-submit-text=\"Enviar\" aria-live=\"assertive\" value=\"wpforms-submit\">Enviar<\/button><img loading=\"lazy\" decoding=\"async\" src=\"http:\/\/sindguardasbh.org.br\/wp-content\/plugins\/wpforms-lite\/assets\/images\/submit-spin.svg\" class=\"wpforms-submit-spinner\" style=\"display: none;\" width=\"26\" height=\"26\" alt=\"Loading\"><\/div><\/form><\/div>  <!-- .wpforms-container -->\n\n\n\n<ul class=\"wp-block-social-links is-layout-flex wp-block-social-links-is-layout-flex\"><\/ul>\n\n\n\n<p><\/p>\n","protected":false},"excerpt":{"rendered":"<p>Formul\u00e1rio de Contato \u2013 Sindguardas BH Este canal foi criado para ouvir voc\u00ea, Guarda Civil Municipal de Belo Horizonte. Aqui, [&hellip;]<\/p>\n","protected":false},"author":1,"featured_media":0,"parent":0,"menu_order":0,"comment_status":"closed","ping_status":"closed","template":"","meta":{"site-sidebar-layout":"default","site-content-layout":"","ast-site-content-layout":"default","site-content-style":"default","site-sidebar-style":"default","ast-global-header-display":"","ast-banner-title-visibility":"","ast-main-header-display":"","ast-hfb-above-header-display":"","ast-hfb-below-header-display":"","ast-hfb-mobile-header-display":"","site-post-title":"","ast-breadcrumbs-content":"","ast-featured-img":"","footer-sml-layout":"","ast-disable-related-posts":"","theme-transparent-header-meta":"","adv-header-id-meta":"","stick-header-meta":"","header-above-stick-meta":"","header-main-stick-meta":"","header-below-stick-meta":"","astra-migrate-meta-layouts":"default","ast-page-background-enabled":"default","ast-page-background-meta":{"desktop":{"background-color":"var(--ast-global-color-5)","background-image":"","background-repeat":"repeat","background-position":"center center","background-size":"auto","background-attachment":"scroll","background-type":"","background-media":"","overlay-type":"","overlay-color":"","overlay-opacity":"","overlay-gradient":""},"tablet":{"background-color":"","background-image":"","background-repeat":"repeat","background-position":"center center","background-size":"auto","background-attachment":"scroll","background-type":"","background-media":"","overlay-type":"","overlay-color":"","overlay-opacity":"","overlay-gradient":""},"mobile":{"background-color":"","background-image":"","background-repeat":"repeat","background-position":"center center","background-size":"auto","background-attachment":"scroll","background-type":"","background-media":"","overlay-type":"","overlay-color":"","overlay-opacity":"","overlay-gradient":""}},"ast-content-background-meta":{"desktop":{"background-color":"var(--ast-global-color-4)","background-image":"","background-repeat":"repeat","background-position":"center center","background-size":"auto","background-attachment":"scroll","background-type":"","background-media":"","overlay-type":"","overlay-color":"","overlay-opacity":"","overlay-gradient":""},"tablet":{"background-color":"var(--ast-global-color-4)","background-image":"","background-repeat":"repeat","background-position":"center center","background-size":"auto","background-attachment":"scroll","background-type":"","background-media":"","overlay-type":"","overlay-color":"","overlay-opacity":"","overlay-gradient":""},"mobile":{"background-color":"var(--ast-global-color-4)","background-image":"","background-repeat":"repeat","background-position":"center center","background-size":"auto","background-attachment":"scroll","background-type":"","background-media":"","overlay-type":"","overlay-color":"","overlay-opacity":"","overlay-gradient":""}},"footnotes":""},"class_list":["post-110","page","type-page","status-publish","hentry"],"yoast_head":"<!-- This site is optimized with the Yoast SEO plugin v26.7 - https:\/\/yoast.com\/wordpress\/plugins\/seo\/ -->\n<title>CONTATO - Sindguardas BH<\/title>\n<meta name=\"robots\" content=\"index, follow, max-snippet:-1, max-image-preview:large, max-video-preview:-1\" \/>\n<link rel=\"canonical\" href=\"https:\/\/sindguardasbh.org.br\/index.php\/contato-2\/\" \/>\n<meta property=\"og:locale\" content=\"en_US\" \/>\n<meta property=\"og:type\" content=\"article\" \/>\n<meta property=\"og:title\" content=\"CONTATO - Sindguardas BH\" \/>\n<meta property=\"og:description\" content=\"Formul\u00e1rio de Contato \u2013 Sindguardas BH Este canal foi criado para ouvir voc\u00ea, Guarda Civil Municipal de Belo Horizonte. Aqui, [&hellip;]\" \/>\n<meta property=\"og:url\" content=\"https:\/\/sindguardasbh.org.br\/index.php\/contato-2\/\" \/>\n<meta property=\"og:site_name\" content=\"Sindguardas BH\" \/>\n<meta property=\"article:publisher\" content=\"https:\/\/www.instagram.com\/sindguardasbh\" \/>\n<meta property=\"article:modified_time\" content=\"2026-02-26T01:26:24+00:00\" \/>\n<meta name=\"twitter:card\" content=\"summary_large_image\" \/>\n<meta name=\"twitter:label1\" content=\"Est. reading time\" \/>\n\t<meta name=\"twitter:data1\" content=\"1 minute\" \/>\n<script type=\"application\/ld+json\" class=\"yoast-schema-graph\">{\"@context\":\"https:\/\/schema.org\",\"@graph\":[{\"@type\":\"WebPage\",\"@id\":\"https:\/\/sindguardasbh.org.br\/index.php\/contato-2\/\",\"url\":\"https:\/\/sindguardasbh.org.br\/index.php\/contato-2\/\",\"name\":\"CONTATO - Sindguardas BH\",\"isPartOf\":{\"@id\":\"http:\/\/sindguardasbh.org.br\/#website\"},\"datePublished\":\"2026-01-15T18:45:13+00:00\",\"dateModified\":\"2026-02-26T01:26:24+00:00\",\"breadcrumb\":{\"@id\":\"https:\/\/sindguardasbh.org.br\/index.php\/contato-2\/#breadcrumb\"},\"inLanguage\":\"en-US\",\"potentialAction\":[{\"@type\":\"ReadAction\",\"target\":[\"https:\/\/sindguardasbh.org.br\/index.php\/contato-2\/\"]}]},{\"@type\":\"BreadcrumbList\",\"@id\":\"https:\/\/sindguardasbh.org.br\/index.php\/contato-2\/#breadcrumb\",\"itemListElement\":[{\"@type\":\"ListItem\",\"position\":1,\"name\":\"Home\",\"item\":\"http:\/\/sindguardasbh.org.br\/\"},{\"@type\":\"ListItem\",\"position\":2,\"name\":\"CONTATO\"}]},{\"@type\":\"WebSite\",\"@id\":\"http:\/\/sindguardasbh.org.br\/#website\",\"url\":\"http:\/\/sindguardasbh.org.br\/\",\"name\":\"Sindguardas BH\",\"description\":\"\",\"publisher\":{\"@id\":\"http:\/\/sindguardasbh.org.br\/#organization\"},\"potentialAction\":[{\"@type\":\"SearchAction\",\"target\":{\"@type\":\"EntryPoint\",\"urlTemplate\":\"http:\/\/sindguardasbh.org.br\/?s={search_term_string}\"},\"query-input\":{\"@type\":\"PropertyValueSpecification\",\"valueRequired\":true,\"valueName\":\"search_term_string\"}}],\"inLanguage\":\"en-US\"},{\"@type\":\"Organization\",\"@id\":\"http:\/\/sindguardasbh.org.br\/#organization\",\"name\":\"Sindguardas BH\",\"url\":\"http:\/\/sindguardasbh.org.br\/\",\"logo\":{\"@type\":\"ImageObject\",\"inLanguage\":\"en-US\",\"@id\":\"http:\/\/sindguardasbh.org.br\/#\/schema\/logo\/image\/\",\"url\":\"http:\/\/sindguardasbh.org.br\/wp-content\/uploads\/2026\/01\/cropped-SINDGUARDAS-BH-1.png\",\"contentUrl\":\"http:\/\/sindguardasbh.org.br\/wp-content\/uploads\/2026\/01\/cropped-SINDGUARDAS-BH-1.png\",\"width\":150,\"height\":50,\"caption\":\"Sindguardas BH\"},\"image\":{\"@id\":\"http:\/\/sindguardasbh.org.br\/#\/schema\/logo\/image\/\"},\"sameAs\":[\"https:\/\/www.instagram.com\/sindguardasbh\"]}]}<\/script>\n<!-- \/ Yoast SEO plugin. -->","yoast_head_json":{"title":"CONTATO - Sindguardas BH","robots":{"index":"index","follow":"follow","max-snippet":"max-snippet:-1","max-image-preview":"max-image-preview:large","max-video-preview":"max-video-preview:-1"},"canonical":"https:\/\/sindguardasbh.org.br\/index.php\/contato-2\/","og_locale":"en_US","og_type":"article","og_title":"CONTATO - Sindguardas BH","og_description":"Formul\u00e1rio de Contato \u2013 Sindguardas BH Este canal foi criado para ouvir voc\u00ea, Guarda Civil Municipal de Belo Horizonte. Aqui, [&hellip;]","og_url":"https:\/\/sindguardasbh.org.br\/index.php\/contato-2\/","og_site_name":"Sindguardas BH","article_publisher":"https:\/\/www.instagram.com\/sindguardasbh","article_modified_time":"2026-02-26T01:26:24+00:00","twitter_card":"summary_large_image","twitter_misc":{"Est. reading time":"1 minute"},"schema":{"@context":"https:\/\/schema.org","@graph":[{"@type":"WebPage","@id":"https:\/\/sindguardasbh.org.br\/index.php\/contato-2\/","url":"https:\/\/sindguardasbh.org.br\/index.php\/contato-2\/","name":"CONTATO - Sindguardas BH","isPartOf":{"@id":"http:\/\/sindguardasbh.org.br\/#website"},"datePublished":"2026-01-15T18:45:13+00:00","dateModified":"2026-02-26T01:26:24+00:00","breadcrumb":{"@id":"https:\/\/sindguardasbh.org.br\/index.php\/contato-2\/#breadcrumb"},"inLanguage":"en-US","potentialAction":[{"@type":"ReadAction","target":["https:\/\/sindguardasbh.org.br\/index.php\/contato-2\/"]}]},{"@type":"BreadcrumbList","@id":"https:\/\/sindguardasbh.org.br\/index.php\/contato-2\/#breadcrumb","itemListElement":[{"@type":"ListItem","position":1,"name":"Home","item":"http:\/\/sindguardasbh.org.br\/"},{"@type":"ListItem","position":2,"name":"CONTATO"}]},{"@type":"WebSite","@id":"http:\/\/sindguardasbh.org.br\/#website","url":"http:\/\/sindguardasbh.org.br\/","name":"Sindguardas BH","description":"","publisher":{"@id":"http:\/\/sindguardasbh.org.br\/#organization"},"potentialAction":[{"@type":"SearchAction","target":{"@type":"EntryPoint","urlTemplate":"http:\/\/sindguardasbh.org.br\/?s={search_term_string}"},"query-input":{"@type":"PropertyValueSpecification","valueRequired":true,"valueName":"search_term_string"}}],"inLanguage":"en-US"},{"@type":"Organization","@id":"http:\/\/sindguardasbh.org.br\/#organization","name":"Sindguardas BH","url":"http:\/\/sindguardasbh.org.br\/","logo":{"@type":"ImageObject","inLanguage":"en-US","@id":"http:\/\/sindguardasbh.org.br\/#\/schema\/logo\/image\/","url":"http:\/\/sindguardasbh.org.br\/wp-content\/uploads\/2026\/01\/cropped-SINDGUARDAS-BH-1.png","contentUrl":"http:\/\/sindguardasbh.org.br\/wp-content\/uploads\/2026\/01\/cropped-SINDGUARDAS-BH-1.png","width":150,"height":50,"caption":"Sindguardas BH"},"image":{"@id":"http:\/\/sindguardasbh.org.br\/#\/schema\/logo\/image\/"},"sameAs":["https:\/\/www.instagram.com\/sindguardasbh"]}]}},"_links":{"self":[{"href":"http:\/\/sindguardasbh.org.br\/index.php\/wp-json\/wp\/v2\/pages\/110","targetHints":{"allow":["GET"]}}],"collection":[{"href":"http:\/\/sindguardasbh.org.br\/index.php\/wp-json\/wp\/v2\/pages"}],"about":[{"href":"http:\/\/sindguardasbh.org.br\/index.php\/wp-json\/wp\/v2\/types\/page"}],"author":[{"embeddable":true,"href":"http:\/\/sindguardasbh.org.br\/index.php\/wp-json\/wp\/v2\/users\/1"}],"replies":[{"embeddable":true,"href":"http:\/\/sindguardasbh.org.br\/index.php\/wp-json\/wp\/v2\/comments?post=110"}],"version-history":[{"count":9,"href":"http:\/\/sindguardasbh.org.br\/index.php\/wp-json\/wp\/v2\/pages\/110\/revisions"}],"predecessor-version":[{"id":235,"href":"http:\/\/sindguardasbh.org.br\/index.php\/wp-json\/wp\/v2\/pages\/110\/revisions\/235"}],"wp:attachment":[{"href":"http:\/\/sindguardasbh.org.br\/index.php\/wp-json\/wp\/v2\/media?parent=110"}],"curies":[{"name":"wp","href":"https:\/\/api.w.org\/{rel}","templated":true}]}}